{"id":343,"date":"2026-01-21T10:08:04","date_gmt":"2026-01-21T13:08:04","guid":{"rendered":"https:\/\/metropolitanojunior.com.br\/aplicativo\/?page_id=343"},"modified":"2026-01-21T10:08:04","modified_gmt":"2026-01-21T13:08:04","slug":"preciso-de-ajuda","status":"publish","type":"page","link":"https:\/\/metropolitanojunior.com.br\/aplicativo\/preciso-de-ajuda\/","title":{"rendered":"Preciso de Ajuda"},"content":{"rendered":"<p>[vc_row][vc_column][vc_toggle title=&#8221;Como tenho acesso aos Avisos ?&#8221;]<span style=\"color: #999999;\">Na p\u00e1gina inicial do aplicativo voc\u00ea encontra os \u00faltimos 6 avisos lan\u00e7ado pelo Col\u00e9gio. Para ver todos os avisos basta clicar em <a style=\"color: #999999;\" href=\"https:\/\/metropolitanojunior.com.br\/aplicativo\/avisos\/\">&#8220;Avisos&#8221;<\/a> no menu principal ou no link &#8220;<a style=\"color: #999999;\" href=\"https:\/\/metropolitanojunior.com.br\/aplicativo\/avisos\/\">Ver todos os avisos&#8221;.<\/a><\/span>[\/vc_toggle][vc_toggle title=&#8221;Como tenho acesso as Aulas Online?&#8221;]<span style=\"color: #999999;\"><span style=\"color: #999999;\">Basta Clicar no banner <a style=\"color: #999999;\" href=\"https:\/\/metropolitanojunior.com.br\/aplicativo\/meus-cursos\/\">&#8220;Metropolitano Onine&#8221;<\/a> que est\u00e1 localizado na tela inicial do seu aplicativo, ou acessar <a style=\"color: #999999;\" href=\"https:\/\/metropolitanojunior.com.br\/aplicativo\/meus-cursos\/\">&#8220;Aulas Online&#8221;<\/a> no menu.<\/span><\/span>[\/vc_toggle][vc_toggle title=&#8221;Qual \u00e9 a minha senha de acesso as Aulas Online \/ Metropolitano Online&#8221;]<span style=\"color: #999999;\">Por padr\u00e3o o usu\u00e1rio \u00e9 o N\u00famero da Matr\u00edcula e a senha \u00e9 12345.<\/span>[\/vc_toggle][vc_toggle title=&#8221;Qual \u00e9 a minha senha de acesso ao Boletim e Ocorr\u00eancias&#8221;]<span style=\"color: #999999;\">Por padr\u00e3o o usu\u00e1rio \u00e9 o N\u00famero da Matr\u00edcula e a senha \u00e9 fornecida apenas ao pais pela secret\u00e1ria do col\u00e9gio. Se precisa de ajudar bastar entrar em <a href=\"https:\/\/api.whatsapp.com\/send?phone=5562981650172\">contato com o Col\u00e9gio.<\/a><\/span>[\/vc_toggle][\/vc_column][\/vc_row]<\/p>\n","protected":false},"excerpt":{"rendered":"<p>[vc_row][vc_column][vc_toggle title=&#8221;Como tenho acesso aos Avisos ?&#8221;]Na p\u00e1gina inicial do aplicativo voc\u00ea encontra os \u00faltimos 6 avisos lan\u00e7ado pelo Col\u00e9gio. Para ver todos os avisos basta clicar em &#8220;Avisos&#8221; no menu principal ou no link &#8220;Ver todos os avisos&#8221;.[\/vc_toggle][vc_toggle title=&#8221;Como tenho acesso as Aulas Online?&#8221;]Basta Clicar no banner &#8220;Metropolitano Onine&#8221; que est\u00e1 localizado na tela&hellip;<\/p>\n","protected":false},"author":1,"featured_media":0,"parent":0,"menu_order":0,"comment_status":"closed","ping_status":"closed","template":"","meta":{"om_disable_all_campaigns":false,"_monsterinsights_skip_tracking":false,"_monsterinsights_sitenote_active":false,"_monsterinsights_sitenote_note":"","_monsterinsights_sitenote_category":0},"class_list":["post-343","page","type-page","status-publish","hentry","description-off"],"_links":{"self":[{"href":"https:\/\/metropolitanojunior.com.br\/aplicativo\/wp-json\/wp\/v2\/pages\/343"}],"collection":[{"href":"https:\/\/metropolitanojunior.com.br\/aplicativo\/wp-json\/wp\/v2\/pages"}],"about":[{"href":"https:\/\/metropolitanojunior.com.br\/aplicativo\/wp-json\/wp\/v2\/types\/page"}],"author":[{"embeddable":true,"href":"https:\/\/metropolitanojunior.com.br\/aplicativo\/wp-json\/wp\/v2\/users\/1"}],"replies":[{"embeddable":true,"href":"https:\/\/metropolitanojunior.com.br\/aplicativo\/wp-json\/wp\/v2\/comments?post=343"}],"version-history":[{"count":1,"href":"https:\/\/metropolitanojunior.com.br\/aplicativo\/wp-json\/wp\/v2\/pages\/343\/revisions"}],"predecessor-version":[{"id":35156,"href":"https:\/\/metropolitanojunior.com.br\/aplicativo\/wp-json\/wp\/v2\/pages\/343\/revisions\/35156"}],"wp:attachment":[{"href":"https:\/\/metropolitanojunior.com.br\/aplicativo\/wp-json\/wp\/v2\/media?parent=343"}],"curies":[{"name":"wp","href":"https:\/\/api.w.org\/{rel}","templated":true}]}}